{"id":8,"date":"2014-06-19T10:48:41","date_gmt":"2014-06-19T08:48:41","guid":{"rendered":"http:\/\/kila-eichhoernchen.de\/?page_id=8"},"modified":"2024-07-19T13:47:28","modified_gmt":"2024-07-19T11:47:28","slug":"ueber-uns","status":"publish","type":"page","link":"https:\/\/kila-eichhoernchen.de\/?page_id=8","title":{"rendered":"Ueber uns"},"content":{"rendered":"<h3 id=\"sites-page-title-header\" align=\"left\"><span id=\"sites-page-title\" dir=\"ltr\">Herzlich Willkommen auf der Webseite des Elterninitiativkinderladens Eichh\u00f6rnchen e.V.<br \/><\/span><\/h3>\n<p>Uns gibt es nun schon seit mehr als 30 Jahren und wir sind noch immer eine Alternative zu den gro\u00dfen unpers\u00f6nlichen Kinderg\u00e4rten.<\/p>\n<div dir=\"ltr\">\n<div dir=\"ltr\"><span style=\"font-size: small;\"><b>Profil der Kita<\/b><br \/>Altersgemischte Gruppe mit insgesamt 16 bis 18 Kindern im Alter von (in der Regel) <span style=\"font-size: medium;\"><span style=\"font-size: small;\">2<\/span><\/span>-6 Jahren, betreut von 4 Erzieherinnen (inkl. Integrationserzieherin und eigener Vorschullehrerin).<br \/>Riesiger Garten mit Spielplatz, B\u00e4umen und Wiese, siehe <a title=\"Galerie\" href=\"https:\/\/kila-eichhoernchen.de\/?page_id=19\">Galerie<\/a><br \/><\/span><b>Lage: <\/b><br \/>zwischen Heerstra\u00dfe, Waldschule und Mommsenstadion nahe Teufelsberg im Studentendorf Harbigstra\u00dfe.\n<p>\u00a0<\/p>\n<p><b>\u00d6ffnungszeiten<\/b><br \/>Montags\u00a0 bis\u00a0 Freitags: \u00a0 7.45 &#8211; 16 Uhr<br \/>\u00dcblicherweise drei Wochen in den Sommerferien und \u00fcber Weihnachten \/ Neujahr geschlossen.<\/p>\n<p><b>Kosten<\/b><br \/>65,00 EUR im Monat pro Kind (inkl. 23 \u20ac Verpflegungsanteil)<\/p>\n<p><b>Elternmitwirkung<\/b><\/p>\n<p>Bei uns steht die gemeinsame Betreuung der Kinder im Mittelpunkt! Der Betrieb wird von der <strong>engagierten Mitarbeit, P\u00fcnktlichkeit und Zuverl\u00e4ssigkeit<\/strong> der Eltern getragen. Diese enge Zusammenarbeit und das <strong>unaufgeforderte Engagement<\/strong> sind das Herzst\u00fcck unseres Kinderladens.<\/p>\n<p><b>Verkehrsanbindung<\/b><br \/>S-Bahn Heerstrasse und Eichkamp\/Messe S\u00fcd Busse X34 und X49 Lage: zwischen Heerstra\u00dfe, Waldschule und Mommsenstadion Teufelsberg im Studentendorf Harbigstra\u00dfe.<\/p>\n<\/div>\n<\/div>\n\n\n<p><\/p>\n","protected":false},"excerpt":{"rendered":"<p>Herzlich Willkommen auf der Webseite des Elterninitiativkinderladens Eichh\u00f6rnchen e.V. Uns gibt es nun schon seit mehr als 30 Jahren und wir sind noch immer eine Alternative zu den gro\u00dfen unpers\u00f6nlichen Kinderg\u00e4rten. Profil der KitaAltersgemischte Gruppe mit insgesamt 16 bis 18 Kindern im Alter von (in der Regel) 2-6 Jahren, betreut von 4 Erzieherinnen (inkl. Integrationserzieherin [&hellip;]<\/p>\n","protected":false},"author":1,"featured_media":0,"parent":0,"menu_order":0,"comment_status":"closed","ping_status":"closed","template":"","meta":{"ngg_post_thumbnail":0,"footnotes":""},"class_list":["post-8","page","type-page","status-publish","hentry"],"_links":{"self":[{"href":"https:\/\/kila-eichhoernchen.de\/index.php?rest_route=\/wp\/v2\/pages\/8","targetHints":{"allow":["GET"]}}],"collection":[{"href":"https:\/\/kila-eichhoernchen.de\/index.php?rest_route=\/wp\/v2\/pages"}],"about":[{"href":"https:\/\/kila-eichhoernchen.de\/index.php?rest_route=\/wp\/v2\/types\/page"}],"author":[{"embeddable":true,"href":"https:\/\/kila-eichhoernchen.de\/index.php?rest_route=\/wp\/v2\/users\/1"}],"replies":[{"embeddable":true,"href":"https:\/\/kila-eichhoernchen.de\/index.php?rest_route=%2Fwp%2Fv2%2Fcomments&post=8"}],"version-history":[{"count":8,"href":"https:\/\/kila-eichhoernchen.de\/index.php?rest_route=\/wp\/v2\/pages\/8\/revisions"}],"predecessor-version":[{"id":168,"href":"https:\/\/kila-eichhoernchen.de\/index.php?rest_route=\/wp\/v2\/pages\/8\/revisions\/168"}],"wp:attachment":[{"href":"https:\/\/kila-eichhoernchen.de\/index.php?rest_route=%2Fwp%2Fv2%2Fmedia&parent=8"}],"curies":[{"name":"wp","href":"https:\/\/api.w.org\/{rel}","templated":true}]}}