{"id":4,"date":"2014-06-19T10:44:11","date_gmt":"2014-06-19T08:44:11","guid":{"rendered":"http:\/\/kila-eichhoernchen.de\/?page_id=4"},"modified":"2023-07-10T20:38:48","modified_gmt":"2023-07-10T18:38:48","slug":"fragen-und-antworten","status":"publish","type":"page","link":"https:\/\/kila-eichhoernchen.de\/?page_id=4","title":{"rendered":"Fragen und Antworten"},"content":{"rendered":"<p><strong>Wie sind die \u00d6ffnungszeiten des Kinderladens?<\/strong><\/p>\n<p>Der Kinderladen hat Montag bis Freitag von 07:45 Uhr bis 16:00 Uhr ge\u00f6ffnet!<\/p>\n<p><strong>Was ist ein Elterninitiativkinderladen?<\/strong><\/p>\n<p>In unserem Elterninitiativkinderladen k\u00f6nnen Sie als Eltern bei bestimmten Themen Ihre eigenen W\u00fcnsche, Kreativit\u00e4t und Unterst\u00fctzung einbringen. Wir betrachten die enge Abstimmung und Kommunikation zwischen dem Kinderladen und den Eltern als integralen Bestandteil der Kindeserziehung.<\/p>\n<p>Wichtig ist zudem die essentielle Beteiligung an Elterndiensten in Form von Eink\u00e4ufen, Gartenpflege, Kochplanerstellung, Schrankdienste usw..<\/p>\n<p>So haben Sie als Eltern regelm\u00e4\u00dfig an Elternabenden die M\u00f6glichkeit, die Entwicklung kreativ mitzugestalten.<br \/>\nDar\u00fcber hinaus findet 1x pro Monat ein Elterntreff f\u00fcr alle Familien statt, an welchen sich bei Kaffee ausgetauscht und mit den Kindern gespielt werden kann.<\/p>\n","protected":false},"excerpt":{"rendered":"<p>Wie sind die \u00d6ffnungszeiten des Kinderladens? Der Kinderladen hat Montag bis Freitag von 07:45 Uhr bis 16:00 Uhr ge\u00f6ffnet! Was ist ein Elterninitiativkinderladen? In unserem Elterninitiativkinderladen k\u00f6nnen Sie als Eltern bei bestimmten Themen Ihre eigenen W\u00fcnsche, Kreativit\u00e4t und Unterst\u00fctzung einbringen. Wir betrachten die enge Abstimmung und Kommunikation zwischen dem Kinderladen und den Eltern als integralen [&hellip;]<\/p>\n","protected":false},"author":1,"featured_media":0,"parent":0,"menu_order":0,"comment_status":"closed","ping_status":"closed","template":"","meta":{"ngg_post_thumbnail":0,"footnotes":""},"class_list":["post-4","page","type-page","status-publish","hentry"],"_links":{"self":[{"href":"https:\/\/kila-eichhoernchen.de\/index.php?rest_route=\/wp\/v2\/pages\/4","targetHints":{"allow":["GET"]}}],"collection":[{"href":"https:\/\/kila-eichhoernchen.de\/index.php?rest_route=\/wp\/v2\/pages"}],"about":[{"href":"https:\/\/kila-eichhoernchen.de\/index.php?rest_route=\/wp\/v2\/types\/page"}],"author":[{"embeddable":true,"href":"https:\/\/kila-eichhoernchen.de\/index.php?rest_route=\/wp\/v2\/users\/1"}],"replies":[{"embeddable":true,"href":"https:\/\/kila-eichhoernchen.de\/index.php?rest_route=%2Fwp%2Fv2%2Fcomments&post=4"}],"version-history":[{"count":4,"href":"https:\/\/kila-eichhoernchen.de\/index.php?rest_route=\/wp\/v2\/pages\/4\/revisions"}],"predecessor-version":[{"id":143,"href":"https:\/\/kila-eichhoernchen.de\/index.php?rest_route=\/wp\/v2\/pages\/4\/revisions\/143"}],"wp:attachment":[{"href":"https:\/\/kila-eichhoernchen.de\/index.php?rest_route=%2Fwp%2Fv2%2Fmedia&parent=4"}],"curies":[{"name":"wp","href":"https:\/\/api.w.org\/{rel}","templated":true}]}}