{"id":10,"date":"2014-06-19T10:49:16","date_gmt":"2014-06-19T08:49:16","guid":{"rendered":"http:\/\/kila-eichhoernchen.de\/?page_id=10"},"modified":"2024-11-05T09:45:41","modified_gmt":"2024-11-05T07:45:41","slug":"konzept","status":"publish","type":"page","link":"https:\/\/kila-eichhoernchen.de\/?page_id=10","title":{"rendered":"Konzept"},"content":{"rendered":"<h3 style=\"color: #0b5394;\"><span style=\"font-size: medium;\"><b><strong>Unser p\u00e4dagogisches Konzept auf einen Blick<\/strong><br \/><\/b><\/span><\/h3>\n<p><strong style=\"color: #0b5394;\">Unser Tagesablauf<\/strong><\/p>\n<p><strong style=\"color: #0b5394;\">08.30 <\/strong>Fr\u00fchst\u00fcck<br \/><span style=\"color: #0b5394;\"><strong>09:30<\/strong><\/span> Projektarbeit<br \/><strong style=\"color: #0b5394;\">10.00 <\/strong>Spielplatz<br \/><strong style=\"color: #0b5394;\">11.30\u00a0 <\/strong>Mittagessen<br \/><strong style=\"color: #0b5394;\">12.30 <\/strong>Mittagsschlaf f\u00fcr die Kleinen \/ Angebot und freies Spiel f\u00fcr die Gro\u00dfen<br \/><strong style=\"color: #0b5394;\">14.30 <\/strong>Imbiss<br \/><strong style=\"color: #0b5394;\">15.00 <\/strong>Spielplatz oder Spielen im Kinderladen<\/p>\n<p><strong style=\"color: #0b5394;\">Unser Wochenablauf<\/strong><\/p>\n<p>Montag\u00a0 \u00a0 \u00a0 \u00a0 Turnen &amp; Stuhlkreis<br \/>Dienstag\u00a0 \u00a0 \u00a0 \u00a0Angebot und freies Spiel , gelegentlich Ausfl\u00fcge<br \/>Mittwoch\u00a0 \u00a0 \u00a0 Vorschule \/ Angebot und freies Spiel f\u00fcr die Kleinen<br \/>Donnerstag\u00a0 \u00a0Vorschule \/ Angebot und freies Spiel f\u00fcr die Kleinen<br \/>Freitag \u00a0\u00a0\u00a0\u00a0\u00a0\u00a0\u00a0\u00a0\u00a0 Musik (gemeinsames Singen und Instrumente kennenlernen)<\/p>\n<p><strong style=\"color: #0b5394;\">Projekte<\/strong><\/p>\n<p>\u2605\u00a0 Feste feiern: Sommerfest, Pflanzfest, Laternenfest, Weihnachtsfeiern, \u2026<\/p>\n<p>\u2605\u00a0 Kinderladenreise und \u00dcbernachtungen im Kinderladen<\/p>\n<p>\u2605\u00a0 Ausfl\u00fcge in die B\u00fccherei, in den Wald, in den Zoo u.v.m.<\/p>\n<p>\u2605 Puppentheater o. \u00c4. im Kinderladen<\/p>\n<p><strong style=\"color: #0b5394;\">P\u00e4dagogischer Ansatz im Allgemeinen<\/strong><strong><br \/><\/strong>Aufgrund unserer Gr\u00f6\u00dfe und Struktur agieren wir im Sinne einer familienerg\u00e4nzenden Funktion. Es ist f\u00fcr uns von besonderer Bedeutung, eine Atmosph\u00e4re zu gestalten die Geborgenheit, W\u00e4rme und gegenseitige Akzeptanz vermittelt. Individuell best\u00e4tigen wir die Kinder in ihrer Neigung und Neugierde. Dadurch, dass alle Kinder zwischen 2- 6 Jahren gemeinsam den Alltag verbringen, erm\u00f6glichen wir die F\u00f6rderung des sozialen Miteinanders, wie Interessen der anderen zu akzeptieren und Konflikte selbst\u00e4ndig zu l\u00f6sen. Im Mittelpunkt steht immer das Wohlbefinden des einzelnen Kindes und es erf\u00e4hrt dabei so viel Unterst\u00fctzung, wie es ben\u00f6tigt, um sich ausgeglichen zu f\u00fchlen und stets ein St\u00fcck selbstbewusster zu werden.<\/p>\n<p>Dar\u00fcber hinaus widmen wir der Bedeutung des Spiels innerhalb der Fr\u00fchkindlichen Entwicklung einen wesentlichen Anteil: Die Kinder lernen durch das selbst bestimmte und freie Spiel sowie durch abwechslungsreiche Angebote sich gegenseitig zu helfen, zu teilen, Regeln zu folgen und ihre Kreativit\u00e4t wie auch Fantasie zu f\u00f6rdern. Dabei sind wir stets darauf bedacht, dass sich die Kinder auch t\u00e4glich in der freien Natur bewegen. Die Bewegung dient nicht nur der gesundheitlichen F\u00f6rderung, sondern stellt auch ein zentrales Bed\u00fcrfnis im kindlichen Leben und Erleben dar.<\/p>\n<p><strong style=\"color: #0b5394;\">P\u00e4dagogischer Ansatz f\u00fcr unsere Kleinsten (Eingew\u00f6hnung)<\/strong><strong><br \/><\/strong>Die Eingew\u00f6hnung stellt die Phase des \u00dcbergangs von den vertrauten famili\u00e4ren Strukturen in einen neuen Lebensbereich dar. Dabei ist es \u00fcberaus wichtig, dass das Kind von einer ihm vertrauen Bezugsperson begleitet wird. Wir \u00fcberlassen jedem Kind und Elternteil das notwendige Tempo, bis es sich mit seinem neuen Lebensbereich vertraut gemacht. Die Eingew\u00f6hnung hat somit zwei Ziele zur Grundlage: Zum einen die Festigung einer emotionalen Beziehung zwischen Kind und Erzieherinnen, so dass diese als weitere Bezugspersonen wahrgenommen werden. Zum anderen gilt es auch, das Wohlbefinden des Kindes zu festigen, so dass es von alleine gerne im Kinderladen bleibt, um zu spielen und zu lernen.<\/p>\n<p><strong style=\"color: #0b5394;\">P\u00e4dagogischer Ansatz f\u00fcr unsere Vorschulkinder<\/strong><strong><br \/><\/strong>Im letzten Kinderladenjahr erhalten unsere Vorschulkinder zweimal in der Woche von unserer eigenen Vorschullehrerin Unterricht. Um die Kinder auf die sensible Phase des \u00dcbergangs vom Kindergarten in die Grundschule vorzubereiten, werden die Themen zur F\u00f6rderung der kognitiven und sozialen Entwicklung weiter fokussiert. Anhand von Texten, Zahlen, Mengen, Buchstaben und Sachthemen \u00fcben sich die Kinder mit Spiel und Spa\u00df in ihrer Feinmotorik sowie Konzentrationsf\u00e4higkeit, im Regelverst\u00e4ndnis und selbst\u00e4ndigen Denken. Die gezielte Vorbereitung und Entwicklung einer stabilen Pers\u00f6nlichkeit sollen dem Kind helfen, den Einstieg in die Schulzeit zu erleichtern.<\/p>\n<p>\u00a0<\/p>\n\n\n<p><\/p>\n","protected":false},"excerpt":{"rendered":"<p>Unser p\u00e4dagogisches Konzept auf einen Blick Unser Tagesablauf 08.30 Fr\u00fchst\u00fcck09:30 Projektarbeit10.00 Spielplatz11.30\u00a0 Mittagessen12.30 Mittagsschlaf f\u00fcr die Kleinen \/ Angebot und freies Spiel f\u00fcr die Gro\u00dfen14.30 Imbiss15.00 Spielplatz oder Spielen im Kinderladen Unser Wochenablauf Montag\u00a0 \u00a0 \u00a0 \u00a0 Turnen &amp; StuhlkreisDienstag\u00a0 \u00a0 \u00a0 \u00a0Angebot und freies Spiel , gelegentlich Ausfl\u00fcgeMittwoch\u00a0 \u00a0 \u00a0 Vorschule \/ Angebot und [&hellip;]<\/p>\n","protected":false},"author":1,"featured_media":0,"parent":0,"menu_order":0,"comment_status":"closed","ping_status":"closed","template":"","meta":{"ngg_post_thumbnail":0,"footnotes":""},"class_list":["post-10","page","type-page","status-publish","hentry"],"_links":{"self":[{"href":"https:\/\/kila-eichhoernchen.de\/index.php?rest_route=\/wp\/v2\/pages\/10","targetHints":{"allow":["GET"]}}],"collection":[{"href":"https:\/\/kila-eichhoernchen.de\/index.php?rest_route=\/wp\/v2\/pages"}],"about":[{"href":"https:\/\/kila-eichhoernchen.de\/index.php?rest_route=\/wp\/v2\/types\/page"}],"author":[{"embeddable":true,"href":"https:\/\/kila-eichhoernchen.de\/index.php?rest_route=\/wp\/v2\/users\/1"}],"replies":[{"embeddable":true,"href":"https:\/\/kila-eichhoernchen.de\/index.php?rest_route=%2Fwp%2Fv2%2Fcomments&post=10"}],"version-history":[{"count":13,"href":"https:\/\/kila-eichhoernchen.de\/index.php?rest_route=\/wp\/v2\/pages\/10\/revisions"}],"predecessor-version":[{"id":173,"href":"https:\/\/kila-eichhoernchen.de\/index.php?rest_route=\/wp\/v2\/pages\/10\/revisions\/173"}],"wp:attachment":[{"href":"https:\/\/kila-eichhoernchen.de\/index.php?rest_route=%2Fwp%2Fv2%2Fmedia&parent=10"}],"curies":[{"name":"wp","href":"https:\/\/api.w.org\/{rel}","templated":true}]}}